{"id":131,"date":"2025-12-16T20:58:10","date_gmt":"2025-12-16T19:58:10","guid":{"rendered":"https:\/\/prospel.eu\/bip\/?page_id=131"},"modified":"2025-12-17T14:32:24","modified_gmt":"2025-12-17T13:32:24","slug":"strategia-rozwoju-gminy","status":"publish","type":"page","link":"https:\/\/lubawka.eu\/bip\/strategia-rozwoju-gminy\/","title":{"rendered":"Strategia Rozwoju Gminy"},"content":{"rendered":"<div id=\"pl-131\"  class=\"panel-layout\" ><div id=\"pg-131-0\"  class=\"panel-grid panel-no-style\" ><div id=\"pgc-131-0-0\"  class=\"panel-grid-cell\" ><div id=\"panel-131-0-0-0\" class=\"so-panel widget widget_sow-editor panel-first-child panel-last-child\" data-index=\"0\" ><div\n\t\t\t\n\t\t\tclass=\"so-widget-sow-editor so-widget-sow-editor-base\"\n\t\t\t\n\t\t><h3 class=\"widget-title\">Konsultacje spo\u0142eczne projektu Strategii Rozwoju Gminy Lubawka na lata 2023-2030<\/h3>\n<div class=\"siteorigin-widget-tinymce textwidget\">\n\t<p>&nbsp;<\/p>\n<p>Zgodnie z art. 6 ust. 3 ustawy z dnia 6 grudnia 2006 r. o zasadach prowadzenia polityki rozwoju (t.j. Dz. U. z 2021 r. poz. 1057) w zwi\u0105zku z Uchwa\u0142\u0105 Nr XIV\/406\/22 z dnia 27 pa\u017adziernika 2022 r. w sprawie przyst\u0105pienia do opracowania Strategii Rozwoju Gminy Lubawka na lata 2023 - 2030, w tym trybu konsultacji,<\/p>\n<p>&nbsp;<\/p>\n<p>Burmistrz Miasta Lubawka<br \/>\nzaprasza<br \/>\nmieszka\u0144c\u00f3w Gminy Lubawka, s\u0105siednie gminy i ich zwi\u0105zki, lokalnych partner\u00f3w spo\u0142ecznych i gospodarczych oraz Dyrektora Regionalnego Zarz\u0105du Gospodarki Wodnej we Wroc\u0142awiu do zapoznania si\u0119 z projektem Strategii Rozwoju Gminy Lubawka na lata 2023 - 2030.<\/p>\n<p>&nbsp;<\/p>\n<p>Opinie, uwagi, propozycje zmian zapis\u00f3w wraz z uzasadnieniem mo\u017cna zg\u0142asza\u0107 na za\u0142\u0105czonym formularzu w terminie od 1 maja 2023 r. do 15 czerwca 2023 r. lub podczas spotkania konsultacyjnego oraz za pomoc\u0105 dost\u0119pnych narz\u0119dzi informatycznych.<\/p>\n<p>&nbsp;<\/p>\n<p>Formularz konsultacyjny znajduje si\u0119 do pobrania w aktualno\u015bciach na stronie www.lubawka.eu , w Biuletynie Informacji Publicznej oraz w pok. nr 1 Urz\u0119du Miasta Lubawka.<\/p>\n<p>&nbsp;<\/p>\n<p>Wype\u0142niony formularz nale\u017cy:<\/p>\n<p>przes\u0142a\u0107 poczt\u0105 na adres: Urz\u0105d Miasta Lubawka, Plac Wolno\u015bci 1, 58-420 Lubawka<br \/>\n(o terminowo\u015bci decyduje data wp\u0142ywu formularza do Urz\u0119du)<br \/>\nz\u0142o\u017cy\u0107 osobi\u015bcie w tut. Urz\u0119dzie,<br \/>\nprzekaza\u0107 podczas spotka\u0144 konsultacyjnych,<br \/>\nprzes\u0142a\u0107 na adres mailowy: lubawka@lubawka.eu,<\/p>\n<p>&nbsp;<\/p>\n<p>Spotkania konsultacyjne odb\u0119d\u0105 si\u0119 odpowiednio:<\/p>\n<p>4 maja 2023 r. - godz. 14:00 - Dom Kultury w Lubawce, ul. Kamiennog\u00f3rska 19,<br \/>\n4 maja 2023 r. - godz. 16:30 - Wiejski Dom Kultury w Che\u0142msku \u015al\u0105skim, Rynek 14,<br \/>\n5 maja 2023 r. - godz. 15:30 - Szko\u0142a Podstawowa w Miszkowicach, Miszkowice 8,<br \/>\n5 maja 2023 r. - godz. 17:30 - Dom Kultury w Lubawce, ul. Kamiennog\u00f3rska 19,<br \/>\n8 maja 2023 r. - godz. 16:30 - Spotkanie z Radnymi Rady Miejskiej w Lubawce ? sala posiedze\u0144 Urz\u0119du Miasta w Lubawce, Plac Wolno\u015bci 1.<\/p>\n<hr \/>\n<p><a href=\"\/bip\/wp-content\/uploads\/sites\/2\/2025\/12\/Zarzadzenie-nr-77_2023_348999112.pdf\">Zarz\u0105dzenie nr 77_2023<\/a><br \/>\n<a href=\"\/bip\/wp-content\/uploads\/sites\/2\/2025\/12\/1682668723_Ogloszenie-o-konsultacjach-spolecznych_647028594.pdf\">Og\u0142oszenie o konsultacjach spo\u0142ecznych<\/a><br \/>\n<a href=\"\/bip\/wp-content\/uploads\/sites\/2\/2025\/12\/1682668742_Formularz-konsultacyjny_927502963.pdf\">Formularz konsultacyjny<\/a><br \/>\n<a href=\"\/bip\/wp-content\/uploads\/sites\/2\/2025\/12\/1682668760_Formularz-konsultacyjny_4282758254.docx\">Formularz konsultacyjny<\/a><br \/>\n<a href=\"\/bip\/wp-content\/uploads\/sites\/2\/2025\/12\/PROJEKT-SGL_196446636.pdf\">PROJEKT SGL<\/a><\/p>\n<\/div>\n<\/div><\/div><\/div><\/div><div id=\"pg-131-1\"  class=\"panel-grid panel-no-style\" ><div id=\"pgc-131-1-0\"  class=\"panel-grid-cell\" ><div id=\"panel-131-1-0-0\" class=\"so-panel widget widget_sow-editor panel-first-child panel-last-child\" data-index=\"1\" ><div\n\t\t\t\n\t\t\tclass=\"so-widget-sow-editor so-widget-sow-editor-base\"\n\t\t\t\n\t\t><h3 class=\"widget-title\">Dokumentacja po przeprowadzonych konsultacjach spo\u0142ecznych<\/h3>\n<div class=\"siteorigin-widget-tinymce textwidget\">\n\t<p>&nbsp;<\/p>\n<p>Konsultacje spo\u0142eczne Strategii Rozwoju Gminy Lubawka na lata 2023-2030 zosta\u0142y przeprowadzone od dnia 01.05.2023 r. do dnia 15.06.2023 r. Celem spotka\u0144 z mieszka\u0144cami, przedsi\u0119biorcami, dzia\u0142aczami spo\u0142ecznymi prowadz\u0105cymi swoj\u0105 dzia\u0142alno\u015b\u0107 na terenie Gminy Lubawka by\u0142o uzyskanie opinii publicznej, uwag, sugestii oraz propozycji zmian do zaprezentowanego dokumentu strategicznego, kt\u00f3ry b\u0119dzie podstaw\u0105 dzia\u0142ania na kolejne lata.<\/p>\n<hr \/>\n<p><a href=\"\/bip\/wp-content\/uploads\/2025\/12\/SRGL 2023-2030_po konsultacjach_1619654908.pdf\">Sprawozdanie z konsultacji SRGL 2023-2030<\/a><br \/>\n<a href=\"\/bip\/wp-content\/uploads\/2025\/12\/20230627_SRGL_Ocena ex ante__769463225.pdf\">SRGL_Ocena ex ante<\/a><br \/>\n<a href=\"\/bip\/wp-content\/uploads\/2025\/12\/20230627_Sprawozdanie z konsultacji SRGL 2023-2030_1120314671.pdf\">SRGL 2023-2030_po konsultacjach<\/a><\/p>\n<\/div>\n<\/div><\/div><\/div><\/div><div id=\"pg-131-2\"  class=\"panel-grid panel-no-style\" ><div id=\"pgc-131-2-0\"  class=\"panel-grid-cell\" ><div id=\"panel-131-2-0-0\" class=\"so-panel widget widget_sow-editor panel-first-child panel-last-child\" data-index=\"2\" ><div\n\t\t\t\n\t\t\tclass=\"so-widget-sow-editor so-widget-sow-editor-base\"\n\t\t\t\n\t\t><h3 class=\"widget-title\">Strategia Rozwoju Gminy Lubawka na lata 2023-2030<\/h3>\n<div class=\"siteorigin-widget-tinymce textwidget\">\n\t<p>&nbsp;<\/p>\n<p><a href=\"\/bip\/wp-content\/uploads\/2025\/12\/Strategia Rozwoju Gminy Lubawka_696800362.pdf\">Strategia Rozwoju Gminy Lubawka<\/a><\/p>\n<\/div>\n<\/div><\/div><\/div><\/div><\/div>","protected":false},"excerpt":{"rendered":"<p>&nbsp; Zgodnie z art. 6 ust. 3 ustawy z dnia 6 grudnia 2006 r. o zasadach prowadzenia polityki rozwoju (t.j. Dz. U. z 2021 r. poz. 1057) w zwi\u0105zku z Uchwa\u0142\u0105 Nr XIV\/406\/22 z dnia 27 pa\u017adziernika 2022 r. w sprawie przyst\u0105pienia do opracowania Strategii Rozwoju Gminy Lubawka na lata 2023 &#8211; 2030, w tym [&hellip;]<\/p>\n","protected":false},"author":1,"featured_media":0,"parent":0,"menu_order":0,"comment_status":"closed","ping_status":"closed","template":"","meta":{"footnotes":""},"class_list":["post-131","page","type-page","status-publish","hentry"],"_links":{"self":[{"href":"https:\/\/lubawka.eu\/bip\/wp-json\/wp\/v2\/pages\/131","targetHints":{"allow":["GET"]}}],"collection":[{"href":"https:\/\/lubawka.eu\/bip\/wp-json\/wp\/v2\/pages"}],"about":[{"href":"https:\/\/lubawka.eu\/bip\/wp-json\/wp\/v2\/types\/page"}],"author":[{"embeddable":true,"href":"https:\/\/lubawka.eu\/bip\/wp-json\/wp\/v2\/users\/1"}],"replies":[{"embeddable":true,"href":"https:\/\/lubawka.eu\/bip\/wp-json\/wp\/v2\/comments?post=131"}],"version-history":[{"count":10,"href":"https:\/\/lubawka.eu\/bip\/wp-json\/wp\/v2\/pages\/131\/revisions"}],"predecessor-version":[{"id":193,"href":"https:\/\/lubawka.eu\/bip\/wp-json\/wp\/v2\/pages\/131\/revisions\/193"}],"wp:attachment":[{"href":"https:\/\/lubawka.eu\/bip\/wp-json\/wp\/v2\/media?parent=131"}],"curies":[{"name":"wp","href":"https:\/\/api.w.org\/{rel}","templated":true}]}}